{"id":2,"date":"2014-10-24T12:30:33","date_gmt":"2014-10-24T12:30:33","guid":{"rendered":"http:\/\/scenefortelling.no\/ovh\/?page_id=2"},"modified":"2015-10-23T13:26:38","modified_gmt":"2015-10-23T11:26:38","slug":"testside","status":"publish","type":"page","link":"https:\/\/fortellerlaboslo.no\/?page_id=2","title":{"rendered":"Presse"},"content":{"rendered":"<p>Materiale til markedsf\u00f8ring av\u00a0fortellerstunder for barn:<\/p>\n<p>Velkommen til fortellerstund! Her f\u00e5r du\u00a0eventyr, fabler og sagn fra mange ulike land. Spennende, kanskje sm\u00e5skummelt, morsomt og noen ganger triste fortellinger.<\/p>\n<p>Passer for barn fra 3 \u00e5r.<br \/>\nVarighet: 30 &#8211; 45 min.<\/p>\n<p>Siden de er profesjonelle fortellere leser de ikke fra en bok, men bruker sin egen hukommelse og fantasi for \u00e5 lage fortellingene. De bruker b\u00e5de armer og bein, grimaser og rare lyder n\u00e5r de forteller s\u00e5 det er g\u00f8y b\u00e5de \u00e5 h\u00f8re og se p\u00e5!<\/p>\n<p>\u00d8ystein, Kristine og Sara Birgitte har jobbet sammen i flere \u00e5r for \u00e5 utvikle og unders\u00f8ke mulighetene og potensialet som ligger i muntlig fortellerkunst. Hvis du vil vite mer finner du oss p\u00e5 ofstivestrehaugland.no.<\/p>\n<p><img loading=\"lazy\" decoding=\"async\" class=\"alignnone  wp-image-77\" src=\"http:\/\/ofstivestrehaugland.no\/wp-content\/uploads\/2014\/10\/Trio-i-svarthvitt-300x225.jpg\" alt=\"OLYMPUS DIGITAL CAMERA\" width=\"300\" height=\"225\" srcset=\"https:\/\/fortellerlaboslo.no\/wp-content\/uploads\/2014\/10\/Trio-i-svarthvitt-300x225.jpg 300w, https:\/\/fortellerlaboslo.no\/wp-content\/uploads\/2014\/10\/Trio-i-svarthvitt-1024x768.jpg 1024w\" sizes=\"auto, (max-width: 300px) 100vw, 300px\" \/> <img loading=\"lazy\" decoding=\"async\" class=\"alignnone  wp-image-80\" src=\"http:\/\/ofstivestrehaugland.no\/wp-content\/uploads\/2014\/10\/Portrett-_4-225x300.jpg\" alt=\"OLYMPUS DIGITAL CAMERA\" width=\"225\" height=\"300\" srcset=\"https:\/\/fortellerlaboslo.no\/wp-content\/uploads\/2014\/10\/Portrett-_4-225x300.jpg 225w, https:\/\/fortellerlaboslo.no\/wp-content\/uploads\/2014\/10\/Portrett-_4-768x1024.jpg 768w\" sizes=\"auto, (max-width: 225px) 100vw, 225px\" \/><\/p>\n<p>foto: Inger Synn\u00f8ve Barth Bredesen<\/p>\n<p>Div portretter:<\/p>\n<p><img loading=\"lazy\" decoding=\"async\" class=\"alignnone size-medium wp-image-83\" src=\"http:\/\/ofstivestrehaugland.no\/wp-content\/uploads\/2014\/10\/\u00d8ystein_portrett-248x300.jpg\" alt=\"\u00d8ystein_portrett\" width=\"248\" height=\"300\" srcset=\"https:\/\/fortellerlaboslo.no\/wp-content\/uploads\/2014\/10\/\u00d8ystein_portrett-248x300.jpg 248w, https:\/\/fortellerlaboslo.no\/wp-content\/uploads\/2014\/10\/\u00d8ystein_portrett-846x1024.jpg 846w\" sizes=\"auto, (max-width: 248px) 100vw, 248px\" \/>\u00a0 \u00a0 \u00a0 \u00a0<a href=\"http:\/\/ofstivestrehaugland.no\/wp-content\/uploads\/2014\/10\/SaraB.jpg\"><img loading=\"lazy\" decoding=\"async\" class=\"alignnone size-medium wp-image-85\" src=\"http:\/\/ofstivestrehaugland.no\/wp-content\/uploads\/2014\/10\/SaraB-260x300.jpg\" alt=\"SaraB\" width=\"260\" height=\"300\" srcset=\"https:\/\/fortellerlaboslo.no\/wp-content\/uploads\/2014\/10\/SaraB-260x300.jpg 260w, https:\/\/fortellerlaboslo.no\/wp-content\/uploads\/2014\/10\/SaraB-888x1024.jpg 888w\" sizes=\"auto, (max-width: 260px) 100vw, 260px\" \/><\/a><\/p>\n<p>Foto:\u00a0Inger Synn\u00f8ve Barth Bredesen<\/p>\n<p><a href=\"http:\/\/ofstivestrehaugland.no\/wp-content\/uploads\/2014\/10\/Kristine-Haugland0222_web_sh.jpg\"><img loading=\"lazy\" decoding=\"async\" class=\"alignnone size-medium wp-image-86\" src=\"http:\/\/ofstivestrehaugland.no\/wp-content\/uploads\/2014\/10\/Kristine-Haugland0222_web_sh-236x300.jpg\" alt=\"Kristine Haugland\" width=\"236\" height=\"300\" srcset=\"https:\/\/fortellerlaboslo.no\/wp-content\/uploads\/2014\/10\/Kristine-Haugland0222_web_sh-236x300.jpg 236w, https:\/\/fortellerlaboslo.no\/wp-content\/uploads\/2014\/10\/Kristine-Haugland0222_web_sh.jpg 425w\" sizes=\"auto, (max-width: 236px) 100vw, 236px\" \/><\/a>\u00a0<a href=\"http:\/\/ofstivestrehaugland.no\/wp-content\/uploads\/2014\/10\/Kristine-Haugland0222_web.jpg\"><img loading=\"lazy\" decoding=\"async\" class=\"alignnone size-medium wp-image-87\" src=\"http:\/\/ofstivestrehaugland.no\/wp-content\/uploads\/2014\/10\/Kristine-Haugland0222_web-236x300.jpg\" alt=\"Kristine Haugland\" width=\"236\" height=\"300\" srcset=\"https:\/\/fortellerlaboslo.no\/wp-content\/uploads\/2014\/10\/Kristine-Haugland0222_web-236x300.jpg 236w, https:\/\/fortellerlaboslo.no\/wp-content\/uploads\/2014\/10\/Kristine-Haugland0222_web.jpg 425w\" sizes=\"auto, (max-width: 236px) 100vw, 236px\" \/><\/a><\/p>\n<p>Foto: Tanja Steen<\/p>\n<p>&nbsp;<\/p>\n<p>Vi har v\u00e6rt i Dagsavisen!<\/p>\n<p><a href=\"http:\/\/ofstivestrehaugland.no\/wp-content\/uploads\/2014\/10\/IMG_1207.jpg\"><img loading=\"lazy\" decoding=\"async\" class=\"alignnone size-medium wp-image-88\" src=\"http:\/\/ofstivestrehaugland.no\/wp-content\/uploads\/2014\/10\/IMG_1207-225x300.jpg\" alt=\"IMG_1207\" width=\"225\" height=\"300\" srcset=\"https:\/\/fortellerlaboslo.no\/wp-content\/uploads\/2014\/10\/IMG_1207-225x300.jpg 225w, https:\/\/fortellerlaboslo.no\/wp-content\/uploads\/2014\/10\/IMG_1207-768x1024.jpg 768w\" sizes=\"auto, (max-width: 225px) 100vw, 225px\" \/><\/a><\/p>\n<p>&nbsp;<\/p>\n","protected":false},"excerpt":{"rendered":"<p>Materiale til markedsf\u00f8ring av\u00a0fortellerstunder for barn: Velkommen til fortellerstund! Her f\u00e5r du\u00a0eventyr, fabler og sagn fra mange ulike land. Spennende, kanskje sm\u00e5skummelt, morsomt og noen ganger triste fortellinger. Passer for barn fra 3 \u00e5r. Varighet: 30 &#8211; 45 min. Siden de er profesjonelle fortellere leser de ikke fra en bok, men bruker sin egen hukommelse [&hellip;]<\/p>\n","protected":false},"author":1,"featured_media":0,"parent":0,"menu_order":0,"comment_status":"open","ping_status":"open","template":"","meta":{"footnotes":""},"class_list":["post-2","page","type-page","status-publish","hentry"],"_links":{"self":[{"href":"https:\/\/fortellerlaboslo.no\/index.php?rest_route=\/wp\/v2\/pages\/2","targetHints":{"allow":["GET"]}}],"collection":[{"href":"https:\/\/fortellerlaboslo.no\/index.php?rest_route=\/wp\/v2\/pages"}],"about":[{"href":"https:\/\/fortellerlaboslo.no\/index.php?rest_route=\/wp\/v2\/types\/page"}],"author":[{"embeddable":true,"href":"https:\/\/fortellerlaboslo.no\/index.php?rest_route=\/wp\/v2\/users\/1"}],"replies":[{"embeddable":true,"href":"https:\/\/fortellerlaboslo.no\/index.php?rest_route=%2Fwp%2Fv2%2Fcomments&post=2"}],"version-history":[{"count":5,"href":"https:\/\/fortellerlaboslo.no\/index.php?rest_route=\/wp\/v2\/pages\/2\/revisions"}],"predecessor-version":[{"id":89,"href":"https:\/\/fortellerlaboslo.no\/index.php?rest_route=\/wp\/v2\/pages\/2\/revisions\/89"}],"wp:attachment":[{"href":"https:\/\/fortellerlaboslo.no\/index.php?rest_route=%2Fwp%2Fv2%2Fmedia&parent=2"}],"curies":[{"name":"wp","href":"https:\/\/api.w.org\/{rel}","templated":true}]}}