{"id":20,"date":"2014-12-15T12:48:26","date_gmt":"2014-12-15T11:48:26","guid":{"rendered":"http:\/\/ofstivestrehaugland.no\/?page_id=20"},"modified":"2026-02-06T17:10:18","modified_gmt":"2026-02-06T16:10:18","slug":"om-oss","status":"publish","type":"page","link":"https:\/\/fortellerlaboslo.no\/?page_id=20","title":{"rendered":"Om oss"},"content":{"rendered":"<p>Vi er n\u00e5 FortellerLab Oslo!<\/p>\n<p>fra h\u00f8sten 202o var vi \u00d8ystein, Kristine, Sara Birgitte, Tjodun og Marianne. Tjodun Felland og Marianne Sundal er en del av arbeidsfellesskapet v\u00e5rt som n\u00e5 feirer at \u00d8fsti\/Vestre\/Haugland har gjennomf\u00f8rt systematisk og bevisst forteller<em>kunst<\/em>utvikling i ti \u00e5r! Vi har etterhvert blitt p\u00e5passelige med \u00e5 si b\u00e5de systematisk, bevisst og kunstutvikling. Systematisk fordi vi har holdt p\u00e5 jevnt og trutt i ti \u00e5r med \u00e5 kartlegge hva vi mener vi trenger \u00e5 unders\u00f8ke, f\u00e5 mer kunnskap, kompetanse og mer ferdighetstrening i. Bevisst fordi dette ikke er tilfeldig eller noe vi snubler over lenger, men en utvikling vi har eksplisitt uttalte m\u00e5l og mening med. Og til slutt, kunstutvikling, fordi vi utforsker den formal-estetiske siden av fortellerkunst, ikke den instrumentelle.<\/p>\n<p>Vi har etterhvert f\u00e5tt et markant fortelleruttrykk der vi bruker mer kropp, mer stemme, mer rom og bevegelse n\u00e5, enn da vi startet. Alle v\u00e5re prosjekter unders\u00f8ker fortellersjangerens grenser, tester ut fortellerens mange modaliteter (stemme, gester, pust, blikk, bevegelse osv.) i et likestilt dramaturgisk perspektiv og har et nysgjerrig og u\u00e6rb\u00f8dig syn p\u00e5 fortelling og fortellerkunst. Ikke alle v\u00e5re utforskingsprosjekter blir forestillinger, men alt vi gj\u00f8r i utforskingen v\u00e5r blir en del av den verkt\u00f8ykassa vi tar med oss inn i forestillingene.<\/p>\n<h4><\/h4>\n<p>&nbsp;<\/p>\n<p class=\"p1\"><strong>Sara Birgitte \u00d8fsti<\/strong><\/p>\n<p class=\"p1\">var en av de f\u00f8rste fortellerne som satset profesjonelt i Norge og har uavbrutt utviklet sin fortellerstil. Sara Birgitte var faglig ansvarlig for Muntlig Fortelling,<span class=\"Apple-converted-space\">\u00a0 <\/span>H\u00f8gskolen i Oslo og Akershus fra 1996 \u2013 2005, hun var med p\u00e5 \u00e5 starte Norsk Fortellerforum og var kunstnerisk leder for Fortellerfestivalen fra 2010-13. De siste \u00e5rene har hun turnert mye rundt i landet med forestillinger med fortellergruppa \u201dp\u00f8h\u201d og \u00d8fsti\/Frostad, b\u00e5de for sm\u00e5trinnet og videreg\u00e5ende skoler. Ved siden av fortellerarbeidet er Sara Birgitte h\u00f8gskolelektor og prosjektleder for flere prosjekter ved EIK p\u00e5 institutt for Estetiske fag, H\u00f8gskolen i Oslo og Akershus.<\/p>\n<p>\u00a0<a href=\"http:\/\/sarabirgitte.no\">sarabirgitte.no<\/a><\/p>\n<p class=\"p1\"><strong>\u00d8ystein Vestre\u00a0<\/strong>har jobbet som profesjonell forteller i snart tjue \u00e5r og var medprodusent for \u00a0 \u00a0 \u00a0 \u00a0 \u00a0Fortellerfestivalen i Oslo fra 2009-13 og Fortellerkafe Oslo fra 2012 \u2013 15. \u00d8ystein\u00a0er \u00a0ogs\u00e5 lektor i Drama og teaterkommunikasjon og faglig ansvarlig for Muntlig \u00a0Fortelling p\u00e5 H\u00f8gskolen i Oslo og Akershus. Han er dessuten teaterinstrukt\u00f8r ved \u00a0Minken Fossheims barneteater.<\/p>\n<p class=\"p1\">\u00a0<a href=\"http:\/\/oysteinvestre.no\">oysteinvestre.no<\/a><\/p>\n<p class=\"p1\"><strong>Kristine Haugland\u00a0<\/strong>har arbeidet ut\u00f8vende med fortellerkunst og fysisk teater siden 2003. Hun har v\u00e6rt med i kollektivene\u00a0De Eventyrlige Fabelfanter (2003-05) og Fabelakt siden 2005, og var en markert leder for \u00a0 \u00a0Norsk Fortellerforum fra 2009\u2013 2013. \u00a0Hun var medprodusent for \u00a0Andre Historier p\u00e5 Det Andre Teateret og har adskillig erfaring fra \u00a0arbeid med instruksjon b\u00e5de for barne- og ungdomsteater og \u00a0fortellerforestillinger. Kristine arbeider hovedsakelig som ut\u00f8vende \u00a0sceneforteller og i det siste har hun turnert land og strand rundt med \u00a0forestillinger for Dks.<\/p>\n<p>\u00a0<a href=\"http:\/\/kristinehaugland.no\">kristinehaugland.no<br \/>\n<\/a><\/p>\n<p><strong>Tjodun Felland\u00a0<\/strong><\/p>\n<p><a href=\"https:\/\/tjodun.no\/\">Tjodun.no<\/a><\/p>\n<p><strong>Marianne Sundal <\/strong><\/p>\n","protected":false},"excerpt":{"rendered":"<p>Vi er n\u00e5 FortellerLab Oslo! fra h\u00f8sten 202o var vi \u00d8ystein, Kristine, Sara Birgitte, Tjodun og Marianne. Tjodun Felland og Marianne Sundal er en del av arbeidsfellesskapet v\u00e5rt som n\u00e5 feirer at \u00d8fsti\/Vestre\/Haugland har gjennomf\u00f8rt systematisk og bevisst fortellerkunstutvikling i ti \u00e5r! Vi har etterhvert blitt p\u00e5passelige med \u00e5 si b\u00e5de systematisk, bevisst og kunstutvikling. [&hellip;]<\/p>\n","protected":false},"author":1,"featured_media":0,"parent":0,"menu_order":0,"comment_status":"open","ping_status":"open","template":"","meta":{"footnotes":""},"class_list":["post-20","page","type-page","status-publish","hentry"],"_links":{"self":[{"href":"https:\/\/fortellerlaboslo.no\/index.php?rest_route=\/wp\/v2\/pages\/20","targetHints":{"allow":["GET"]}}],"collection":[{"href":"https:\/\/fortellerlaboslo.no\/index.php?rest_route=\/wp\/v2\/pages"}],"about":[{"href":"https:\/\/fortellerlaboslo.no\/index.php?rest_route=\/wp\/v2\/types\/page"}],"author":[{"embeddable":true,"href":"https:\/\/fortellerlaboslo.no\/index.php?rest_route=\/wp\/v2\/users\/1"}],"replies":[{"embeddable":true,"href":"https:\/\/fortellerlaboslo.no\/index.php?rest_route=%2Fwp%2Fv2%2Fcomments&post=20"}],"version-history":[{"count":9,"href":"https:\/\/fortellerlaboslo.no\/index.php?rest_route=\/wp\/v2\/pages\/20\/revisions"}],"predecessor-version":[{"id":225,"href":"https:\/\/fortellerlaboslo.no\/index.php?rest_route=\/wp\/v2\/pages\/20\/revisions\/225"}],"wp:attachment":[{"href":"https:\/\/fortellerlaboslo.no\/index.php?rest_route=%2Fwp%2Fv2%2Fmedia&parent=20"}],"curies":[{"name":"wp","href":"https:\/\/api.w.org\/{rel}","templated":true}]}}